{"id":27,"date":"2023-04-27T09:35:30","date_gmt":"2023-04-27T07:35:30","guid":{"rendered":"https:\/\/drift.svenskadomaner.se\/?page_id=27"},"modified":"2023-04-27T10:14:15","modified_gmt":"2023-04-27T08:14:15","slug":"kontakta","status":"publish","type":"page","link":"https:\/\/drift.svenskadomaner.se\/en\/kontakta\/","title":{"rendered":"CONTACT US"},"content":{"rendered":"<div class=\"wp-block-columns is-layout-flex wp-container-core-columns-is-layout-9d6595d7 wp-block-columns-is-layout-flex\">\n<div class=\"wp-block-column vertical-right-line is-layout-flow wp-block-column-is-layout-flow\">\n<h4 class=\"wp-block-heading has-text-align-right extra-margin has-large-font-size\">Svenska Dom\u00e4ner<\/h4>\n<\/div>\n\n\n\n<div class=\"wp-block-column is-layout-flow wp-block-column-is-layout-flow\">\n<figure class=\"wp-block-table no-border is-style-regular\" style=\"font-size:16px\"><table><tbody><tr><td><strong>Address<\/strong><\/td><td class=\"has-text-align-right\" data-align=\"right\">Armaturv\u00e4gen 3 C<br>136 50 Haninge<\/td><\/tr><tr><td><strong>Telephone<\/strong><\/td><td class=\"has-text-align-right\" data-align=\"right\">08 &#8211; 570 339 00<\/td><\/tr><tr><td><strong>Organization number<\/strong><\/td><td class=\"has-text-align-right\" data-align=\"right\">556669-9772<\/td><\/tr><tr><td><strong>VAT<\/strong><\/td><td class=\"has-text-align-right\" data-align=\"right\">SE556669977201<\/td><\/tr><tr><td><strong>Swift<\/strong><\/td><td class=\"has-text-align-right\" data-align=\"right\">SWEDSESS<\/td><\/tr><tr><td><strong>IBAN<\/strong><\/td><td class=\"has-text-align-right\" data-align=\"right\">SE35 8000 0803 2500 4664 2468<\/td><\/tr><tr><td><strong>Bankgiro<\/strong><\/td><td class=\"has-text-align-right\" data-align=\"right\">220-6654<\/td><\/tr><\/tbody><\/table><\/figure>\n<\/div>\n<\/div>\n\n\n\n<h4 class=\"wp-block-heading has-text-align-center\"><strong>Contact technical support<\/strong><\/h4>\n\n\n\n<p class=\"has-text-align-center translation-block\">Read frequently asked questions <a href=\"https:\/\/www.svenskadomaner.se\/en\/support\" target=\"_self\">here<\/a> before you contact the technical support.<\/p>\n\n\n\n<div class=\"wp-block-columns has-base-2-background-color has-background is-layout-flex wp-container-core-columns-is-layout-9d6595d7 wp-block-columns-is-layout-flex\">\n<div class=\"wp-block-column is-vertically-aligned-center is-layout-flow wp-block-column-is-layout-flow\">\n<p class=\"has-text-align-center\"><a href=\"mailto:support@svenskadomaner.se\"><i class=\"fas fa-envelope\"><\/i><\/a><\/p>\n\n\n\n<p class=\"has-text-align-center\">support@svenskadomaner.se<\/p>\n<\/div>\n\n\n\n<div class=\"wp-block-column is-vertically-aligned-center is-layout-flow wp-block-column-is-layout-flow\">\n<p class=\"has-text-align-center\"><a href=\"tel:0857033900\"><i class=\"fas fa-phone\"><\/i><\/a><\/p>\n\n\n\n<p class=\"has-text-align-center\">08 &#8211; 570 339 00<\/p>\n<\/div>\n\n\n\n<div class=\"wp-block-column is-vertically-aligned-center is-layout-flow wp-block-column-is-layout-flow\">\n<p>V\u00e5ra telefontider<\/p>\n\n\n\n<figure class=\"wp-block-table no-border has-small-font-size\"><table><tbody><tr><td><strong>Mon - Fri<\/strong><\/td><td class=\"has-text-align-right\" data-align=\"right\">09.00-15.00<\/td><\/tr><tr><td><strong>Closed due lunch<\/strong><\/td><td class=\"has-text-align-right\" data-align=\"right\">12.00-13.00<\/td><\/tr><tr><td><strong>Day before holiday<\/strong><\/td><td class=\"has-text-align-right\" data-align=\"right\">09.00-12.00<\/td><\/tr><\/tbody><\/table><\/figure>\n<\/div>\n<\/div>\n\n\n\n<h4 class=\"wp-block-heading has-text-align-center\"><strong>Invoice Questions<\/strong><\/h4>\n\n\n\n<div class=\"wp-block-columns has-base-2-background-color has-background is-layout-flex wp-container-core-columns-is-layout-9d6595d7 wp-block-columns-is-layout-flex\">\n<div class=\"wp-block-column is-vertically-aligned-center is-layout-flow wp-block-column-is-layout-flow\">\n<p class=\"has-text-align-center\"><a href=\"mailto:ekonomi@svenskadomaner.se\"><i class=\"fas fa-envelope\"><\/i><\/a><\/p>\n\n\n\n<p class=\"has-text-align-center\">ekonomi@svenskadomaner.se<\/p>\n<\/div>\n<\/div>","protected":false},"excerpt":{"rendered":"<p>Svenska Dom\u00e4ner Adress Armaturv\u00e4gen 3 C136 50 Haninge Telefon 08 &#8211; 570 339 00 Organisationsnummer 556669-9772 VAT SE556669977201 Swift SWEDSESS IBAN SE35 8000 0803 2500 4664 2468 Bankgiro 220-6654 Kontakta teknisk support Ett bra f\u00f6rsta steg \u00e4r att l\u00e4sa v\u00e5r FAQ. support@svenskadomaner.se 08 &#8211; 570 339 00 V\u00e5ra telefontider M\u00e5n &#8211; Fri 09.00-15.00 Lunchst\u00e4ngt 12.00-13.00 &#8230; <a title=\"CONTACT US\" class=\"read-more\" href=\"https:\/\/drift.svenskadomaner.se\/en\/kontakta\/\" aria-label=\"Read more about KONTAKTA\">Read more<\/a><\/p>","protected":false},"author":1,"featured_media":0,"parent":0,"menu_order":0,"comment_status":"closed","ping_status":"closed","template":"","meta":{"footnotes":""},"class_list":["post-27","page","type-page","status-publish"],"_links":{"self":[{"href":"https:\/\/drift.svenskadomaner.se\/en\/wp-json\/wp\/v2\/pages\/27","targetHints":{"allow":["GET"]}}],"collection":[{"href":"https:\/\/drift.svenskadomaner.se\/en\/wp-json\/wp\/v2\/pages"}],"about":[{"href":"https:\/\/drift.svenskadomaner.se\/en\/wp-json\/wp\/v2\/types\/page"}],"author":[{"embeddable":true,"href":"https:\/\/drift.svenskadomaner.se\/en\/wp-json\/wp\/v2\/users\/1"}],"replies":[{"embeddable":true,"href":"https:\/\/drift.svenskadomaner.se\/en\/wp-json\/wp\/v2\/comments?post=27"}],"version-history":[{"count":19,"href":"https:\/\/drift.svenskadomaner.se\/en\/wp-json\/wp\/v2\/pages\/27\/revisions"}],"predecessor-version":[{"id":80,"href":"https:\/\/drift.svenskadomaner.se\/en\/wp-json\/wp\/v2\/pages\/27\/revisions\/80"}],"wp:attachment":[{"href":"https:\/\/drift.svenskadomaner.se\/en\/wp-json\/wp\/v2\/media?parent=27"}],"curies":[{"name":"wp","href":"https:\/\/api.w.org\/{rel}","templated":true}]}}